{"id":5324,"date":"2025-04-23T11:54:48","date_gmt":"2025-04-23T09:54:48","guid":{"rendered":"https:\/\/www.warmeo.com\/?page_id=5324"},"modified":"2025-09-12T11:06:26","modified_gmt":"2025-09-12T09:06:26","slug":"aeropool-2","status":"publish","type":"page","link":"https:\/\/www.warmeo.com\/en\/aeropool-2\/","title":{"rendered":"AEROPOOL"},"content":{"rendered":"<div data-elementor-type=\"wp-page\" data-elementor-id=\"5324\" class=\"elementor elementor-5324\" data-elementor-post-type=\"page\">\n\t\t\t\t<div data-particle_enable=\"false\" data-particle-mobile-disabled=\"false\" class=\"elementor-element elementor-element-76adc40a e-con-full e-flex e-con e-parent\" data-id=\"76adc40a\" data-element_type=\"container\" data-settings=\"{&quot;background_background&quot;:&quot;classic&quot;}\">\n\t\t<div data-particle_enable=\"false\" data-particle-mobile-disabled=\"false\" class=\"elementor-element elementor-element-86c6028 e-con-full elementor-hidden-widescreen elementor-hidden-desktop elementor-hidden-tablet_extra elementor-hidden-tablet e-flex e-con e-child\" data-id=\"86c6028\" data-element_type=\"container\">\n\t\t\t\t<div class=\"elementor-element elementor-element-0a91db6 elementor-widget elementor-widget-theme-post-title elementor-page-title elementor-widget-heading\" data-id=\"0a91db6\" data-element_type=\"widget\" data-widget_type=\"theme-post-title.default\">\n\t\t\t\t<div class=\"elementor-widget-container\">\n\t\t\t\t\t<h1 class=\"elementor-heading-title elementor-size-default\">AEROPOOL<\/h1>\t\t\t\t<\/div>\n\t\t\t\t<\/div>\n\t\t\t\t<div class=\"elementor-element elementor-element-939e28d elementor-widget elementor-widget-text-editor\" data-id=\"939e28d\" data-element_type=\"widget\" data-widget_type=\"text-editor.default\">\n\t\t\t\t<div class=\"elementor-widget-container\">\n\t\t\t\t\t\t\t\t\t<p>Performance and discretion<\/p>\t\t\t\t\t\t\t\t<\/div>\n\t\t\t\t<\/div>\n\t\t\t\t<div class=\"elementor-element elementor-element-12246a3 elementor-widget-divider--view-line elementor-widget elementor-widget-divider\" data-id=\"12246a3\" data-element_type=\"widget\" data-widget_type=\"divider.default\">\n\t\t\t\t<div class=\"elementor-widget-container\">\n\t\t\t\t\t\t\t<div class=\"elementor-divider\">\n\t\t\t<span class=\"elementor-divider-separator\">\n\t\t\t\t\t\t<\/span>\n\t\t<\/div>\n\t\t\t\t\t\t<\/div>\n\t\t\t\t<\/div>\n\t\t\t\t<\/div>\n\t\t<div data-particle_enable=\"false\" data-particle-mobile-disabled=\"false\" class=\"elementor-element elementor-element-2d1b7d2 e-con-full e-flex e-con e-child\" data-id=\"2d1b7d2\" data-element_type=\"container\">\n\t\t\t\t<div class=\"elementor-element elementor-element-3224eab elementor-absolute elementor-widget elementor-widget-image\" data-id=\"3224eab\" data-element_type=\"widget\" data-settings=\"{&quot;_position&quot;:&quot;absolute&quot;}\" data-widget_type=\"image.default\">\n\t\t\t\t<div class=\"elementor-widget-container\">\n\t\t\t\t\t\t\t\t\t\t\t\t\t\t\t<img fetchpriority=\"high\" decoding=\"async\" width=\"714\" height=\"652\" src=\"https:\/\/www.warmeo.com\/wp-content\/uploads\/2024\/06\/vague-produit.png\" class=\"attachment-large size-large wp-image-3959\" alt=\"\" srcset=\"https:\/\/www.warmeo.com\/wp-content\/uploads\/2024\/06\/vague-produit.png 714w, https:\/\/www.warmeo.com\/wp-content\/uploads\/2024\/06\/vague-produit-300x274.png 300w, https:\/\/www.warmeo.com\/wp-content\/uploads\/2024\/06\/vague-produit-13x12.png 13w\" sizes=\"(max-width: 714px) 100vw, 714px\" \/>\t\t\t\t\t\t\t\t\t\t\t\t\t\t\t<\/div>\n\t\t\t\t<\/div>\n\t\t<div data-particle_enable=\"false\" data-particle-mobile-disabled=\"false\" class=\"elementor-element elementor-element-a981c96 e-con-full e-flex e-con e-child\" data-id=\"a981c96\" data-element_type=\"container\" id=\"imageprincipale\">\n\t\t\t\t<div class=\"elementor-element elementor-element-092fb2c elementor-widget elementor-widget-image\" data-id=\"092fb2c\" data-element_type=\"widget\" data-widget_type=\"image.default\">\n\t\t\t\t<div class=\"elementor-widget-container\">\n\t\t\t\t\t\t\t\t\t\t\t\t\t\t\t\t<a href=\"https:\/\/www.warmeo.com\/wp-content\/uploads\/2025\/04\/b2102fd9-2cc7-4ba3-81f1-7cdf9e9ed9e4.png\" data-elementor-open-lightbox=\"yes\" data-elementor-lightbox-title=\"b2102fd9-2cc7-4ba3-81f1-7cdf9e9ed9e4\" data-e-action-hash=\"#elementor-action%3Aaction%3Dlightbox%26settings%3DeyJpZCI6NTMzNiwidXJsIjoiaHR0cHM6XC9cL3d3dy53YXJtZW8uY29tXC93cC1jb250ZW50XC91cGxvYWRzXC8yMDI1XC8wNFwvYjIxMDJmZDktMmNjNy00YmEzLTgxZjEtN2NkZjllOWVkOWU0LnBuZyJ9\">\n\t\t\t\t\t\t\t<img decoding=\"async\" width=\"800\" height=\"534\" src=\"https:\/\/www.warmeo.com\/wp-content\/uploads\/2025\/04\/b2102fd9-2cc7-4ba3-81f1-7cdf9e9ed9e4-1024x683.png\" class=\"attachment-large size-large wp-image-5336\" alt=\"\" srcset=\"https:\/\/www.warmeo.com\/wp-content\/uploads\/2025\/04\/b2102fd9-2cc7-4ba3-81f1-7cdf9e9ed9e4-1024x683.png 1024w, https:\/\/www.warmeo.com\/wp-content\/uploads\/2025\/04\/b2102fd9-2cc7-4ba3-81f1-7cdf9e9ed9e4-300x200.png 300w, https:\/\/www.warmeo.com\/wp-content\/uploads\/2025\/04\/b2102fd9-2cc7-4ba3-81f1-7cdf9e9ed9e4-768x512.png 768w, https:\/\/www.warmeo.com\/wp-content\/uploads\/2025\/04\/b2102fd9-2cc7-4ba3-81f1-7cdf9e9ed9e4-18x12.png 18w, https:\/\/www.warmeo.com\/wp-content\/uploads\/2025\/04\/b2102fd9-2cc7-4ba3-81f1-7cdf9e9ed9e4.png 1200w\" sizes=\"(max-width: 800px) 100vw, 800px\" \/>\t\t\t\t\t\t\t\t<\/a>\n\t\t\t\t\t\t\t\t\t\t\t\t\t\t\t<\/div>\n\t\t\t\t<\/div>\n\t\t\t\t<\/div>\n\t\t<div data-particle_enable=\"false\" data-particle-mobile-disabled=\"false\" class=\"elementor-element elementor-element-b236265 e-con-full e-flex e-con e-child\" data-id=\"b236265\" data-element_type=\"container\" id=\"imagesecondaire\">\n\t\t\t\t<\/div>\n\t\t<div data-particle_enable=\"false\" data-particle-mobile-disabled=\"false\" class=\"elementor-element elementor-element-5b5f794 e-con-full e-flex e-con e-child\" data-id=\"5b5f794\" data-element_type=\"container\" id=\"imagetrois\">\n\t\t\t\t<\/div>\n\t\t<div data-particle_enable=\"false\" data-particle-mobile-disabled=\"false\" class=\"elementor-element elementor-element-2786826 e-con-full e-flex e-con e-child\" data-id=\"2786826\" data-element_type=\"container\">\n\t\t<div data-particle_enable=\"false\" data-particle-mobile-disabled=\"false\" class=\"elementor-element elementor-element-109f9e2 e-con-full e-flex e-con e-child\" data-id=\"109f9e2\" data-element_type=\"container\" id=\"image1clik\">\n\t\t\t\t<\/div>\n\t\t\t\t<\/div>\n\t\t\t\t<\/div>\n\t\t<div data-particle_enable=\"false\" data-particle-mobile-disabled=\"false\" class=\"elementor-element elementor-element-7754ce8e e-con-full e-flex e-con e-child\" data-id=\"7754ce8e\" data-element_type=\"container\">\n\t\t<div data-particle_enable=\"false\" data-particle-mobile-disabled=\"false\" class=\"elementor-element elementor-element-e3f68ac e-con-full elementor-hidden-mobile e-flex e-con e-child\" data-id=\"e3f68ac\" data-element_type=\"container\">\n\t\t\t\t<div class=\"elementor-element elementor-element-f34cc37 elementor-widget elementor-widget-theme-post-title elementor-page-title elementor-widget-heading\" data-id=\"f34cc37\" data-element_type=\"widget\" data-widget_type=\"theme-post-title.default\">\n\t\t\t\t<div class=\"elementor-widget-container\">\n\t\t\t\t\t<h1 class=\"elementor-heading-title elementor-size-default\">AEROPOOL<\/h1>\t\t\t\t<\/div>\n\t\t\t\t<\/div>\n\t\t\t\t<div class=\"elementor-element elementor-element-067da2a elementor-widget elementor-widget-heading\" data-id=\"067da2a\" data-element_type=\"widget\" data-widget_type=\"heading.default\">\n\t\t\t\t<div class=\"elementor-widget-container\">\n\t\t\t\t\t<h2 class=\"elementor-heading-title elementor-size-default\">Swimming pool heat pump<\/h2>\t\t\t\t<\/div>\n\t\t\t\t<\/div>\n\t\t\t\t<div class=\"elementor-element elementor-element-5da9d1aa elementor-widget elementor-widget-text-editor\" data-id=\"5da9d1aa\" data-element_type=\"widget\" data-widget_type=\"text-editor.default\">\n\t\t\t\t<div class=\"elementor-widget-container\">\n\t\t\t\t\t\t\t\t\t<p>Performance and discretion\u00a0<\/p>\t\t\t\t\t\t\t\t<\/div>\n\t\t\t\t<\/div>\n\t\t\t\t<div class=\"elementor-element elementor-element-68e5aa47 elementor-widget-divider--view-line elementor-widget elementor-widget-divider\" data-id=\"68e5aa47\" data-element_type=\"widget\" data-widget_type=\"divider.default\">\n\t\t\t\t<div class=\"elementor-widget-container\">\n\t\t\t\t\t\t\t<div class=\"elementor-divider\">\n\t\t\t<span class=\"elementor-divider-separator\">\n\t\t\t\t\t\t<\/span>\n\t\t<\/div>\n\t\t\t\t\t\t<\/div>\n\t\t\t\t<\/div>\n\t\t\t\t<\/div>\n\t\t\t\t<div class=\"elementor-element elementor-element-3ac3bb79 elementor-widget elementor-widget-button\" data-id=\"3ac3bb79\" data-element_type=\"widget\" data-widget_type=\"button.default\">\n\t\t\t\t<div class=\"elementor-widget-container\">\n\t\t\t\t\t\t\t\t\t<div class=\"elementor-button-wrapper\">\n\t\t\t\t\t<a class=\"elementor-button elementor-button-link elementor-size-sm elementor-animation-grow\" href=\"https:\/\/www.warmeo.com\/wp-content\/uploads\/2025\/04\/AEROPOOL-2024.pdf\" target=\"_blank\">\n\t\t\t\t\t\t<span class=\"elementor-button-content-wrapper\">\n\t\t\t\t\t\t<span class=\"elementor-button-icon\">\n\t\t\t\t<svg xmlns=\"http:\/\/www.w3.org\/2000\/svg\" width=\"22\" height=\"29\" viewbox=\"0 0 22 29\" fill=\"none\"><path d=\"M4.11689 28H16.3246C16.6117 28 16.8441 27.752 16.8441 27.4461C16.8441 27.1403 16.6117 26.8923 16.3246 26.8923H4.11689C2.97086 26.8923 2.03898 25.8984 2.03898 24.6769V4.32308C2.03898 3.1015 2.97086 2.10771 4.11689 2.10771H15.2208V7.23078C15.2208 7.53662 15.4531 7.78464 15.7402 7.78464H19.961V21.9077C19.961 22.2136 20.1934 22.4616 20.4805 22.4616C20.7676 22.4616 21 22.2136 21 21.9077V7.23075C21 7.15934 20.9856 7.09002 20.961 7.02481C20.9516 6.99982 20.9352 6.98027 20.9226 6.95725C20.9051 6.92515 20.892 6.89048 20.8686 6.86244L16.1284 1.18551C16.125 1.18155 16.12 1.18014 16.1166 1.17629C16.0812 1.13627 16.0379 1.10708 15.9928 1.07963C15.9769 1.07006 15.9646 1.05511 15.9479 1.04739C15.8842 1.01762 15.8144 1 15.7403 1H4.11689C2.39813 1 1 2.49063 1 4.32308V24.6769C1 26.5094 2.39813 28 4.11689 28ZM16.2597 3.00878L19.3224 6.67693H16.2597V3.00878Z\" fill=\"white\" stroke=\"white\" stroke-width=\"0.5\" stroke-miterlimit=\"10\"><\/path><\/svg>\t\t\t<\/span>\n\t\t\t\t\t\t\t\t\t<span class=\"elementor-button-text\">Product sheet<\/span>\n\t\t\t\t\t<\/span>\n\t\t\t\t\t<\/a>\n\t\t\t\t<\/div>\n\t\t\t\t\t\t\t\t<\/div>\n\t\t\t\t<\/div>\n\t\t\t\t<div class=\"elementor-element elementor-element-f66087e elementor-widget elementor-widget-button\" data-id=\"f66087e\" data-element_type=\"widget\" data-widget_type=\"button.default\">\n\t\t\t\t<div class=\"elementor-widget-container\">\n\t\t\t\t\t\t\t\t\t<div class=\"elementor-button-wrapper\">\n\t\t\t\t\t<a class=\"elementor-button elementor-button-link elementor-size-sm elementor-animation-grow\" href=\"https:\/\/www.warmeo.com\/wp-content\/uploads\/2025\/07\/Handbook-Aeropool.pdf\" target=\"_blank\">\n\t\t\t\t\t\t<span class=\"elementor-button-content-wrapper\">\n\t\t\t\t\t\t<span class=\"elementor-button-icon\">\n\t\t\t\t<svg xmlns=\"http:\/\/www.w3.org\/2000\/svg\" width=\"22\" height=\"29\" viewbox=\"0 0 22 29\" fill=\"none\"><path d=\"M4.11689 28H16.3246C16.6117 28 16.8441 27.752 16.8441 27.4461C16.8441 27.1403 16.6117 26.8923 16.3246 26.8923H4.11689C2.97086 26.8923 2.03898 25.8984 2.03898 24.6769V4.32308C2.03898 3.1015 2.97086 2.10771 4.11689 2.10771H15.2208V7.23078C15.2208 7.53662 15.4531 7.78464 15.7402 7.78464H19.961V21.9077C19.961 22.2136 20.1934 22.4616 20.4805 22.4616C20.7676 22.4616 21 22.2136 21 21.9077V7.23075C21 7.15934 20.9856 7.09002 20.961 7.02481C20.9516 6.99982 20.9352 6.98027 20.9226 6.95725C20.9051 6.92515 20.892 6.89048 20.8686 6.86244L16.1284 1.18551C16.125 1.18155 16.12 1.18014 16.1166 1.17629C16.0812 1.13627 16.0379 1.10708 15.9928 1.07963C15.9769 1.07006 15.9646 1.05511 15.9479 1.04739C15.8842 1.01762 15.8144 1 15.7403 1H4.11689C2.39813 1 1 2.49063 1 4.32308V24.6769C1 26.5094 2.39813 28 4.11689 28ZM16.2597 3.00878L19.3224 6.67693H16.2597V3.00878Z\" fill=\"white\" stroke=\"white\" stroke-width=\"0.5\" stroke-miterlimit=\"10\"><\/path><\/svg>\t\t\t<\/span>\n\t\t\t\t\t\t\t\t\t<span class=\"elementor-button-text\">Manuel<\/span>\n\t\t\t\t\t<\/span>\n\t\t\t\t\t<\/a>\n\t\t\t\t<\/div>\n\t\t\t\t\t\t\t\t<\/div>\n\t\t\t\t<\/div>\n\t\t\t\t<\/div>\n\t\t\t\t<\/div>\n\t\t\t\t<\/div>","protected":false},"excerpt":{"rendered":"<p>Performance et discr\u00e9tion Pompe \u00e0 chaleur de piscine Performance et discr\u00e9tion\u00a0 Fiche produit Manuel<\/p>","protected":false},"author":3,"featured_media":0,"parent":0,"menu_order":0,"comment_status":"closed","ping_status":"closed","template":"","meta":{"_acf_changed":false,"footnotes":""},"class_list":["post-5324","page","type-page","status-publish","hentry"],"acf":[],"yoast_head":"<!-- This site is optimized with the Yoast SEO plugin v27.3 - https:\/\/yoast.com\/product\/yoast-seo-wordpress\/ -->\n<title>AEROPOOL - WARMEO<\/title>\n<meta name=\"description\" content=\"D\u00e9couvrez la pompe \u00e0 chaleur de piscine Warmeo : l&#039;AEROPOOL. Full-Inverter et connect\u00e9e, elle sera parfaite pour \u00e9tendre la saison.\" \/>\n<meta name=\"robots\" content=\"index, follow, max-snippet:-1, max-image-preview:large, max-video-preview:-1\" \/>\n<link rel=\"canonical\" href=\"https:\/\/www.warmeo.com\/en\/aeropool-2\/\" \/>\n<meta property=\"og:locale\" content=\"en_GB\" \/>\n<meta property=\"og:type\" content=\"article\" \/>\n<meta property=\"og:title\" content=\"AEROPOOL - WARMEO\" \/>\n<meta property=\"og:description\" content=\"D\u00e9couvrez la pompe \u00e0 chaleur de piscine Warmeo : l&#039;AEROPOOL. Full-Inverter et connect\u00e9e, elle sera parfaite pour \u00e9tendre la saison.\" \/>\n<meta property=\"og:url\" content=\"https:\/\/www.warmeo.com\/en\/aeropool-2\/\" \/>\n<meta property=\"og:site_name\" content=\"WARMEO\" \/>\n<meta property=\"article:publisher\" content=\"https:\/\/www.facebook.com\/people\/Warmeo\/61562053700114\/\" \/>\n<meta property=\"article:modified_time\" content=\"2025-09-12T09:06:26+00:00\" \/>\n<meta property=\"og:image\" content=\"https:\/\/www.warmeo.com\/wp-content\/uploads\/2024\/06\/vague-produit.png\" \/>\n<meta name=\"twitter:card\" content=\"summary_large_image\" \/>\n<meta name=\"twitter:label1\" content=\"Estimated reading time\" \/>\n\t<meta name=\"twitter:data1\" content=\"1 minute\" \/>\n<script type=\"application\/ld+json\" class=\"yoast-schema-graph\">{\"@context\":\"https:\\\/\\\/schema.org\",\"@graph\":[{\"@type\":\"WebPage\",\"@id\":\"https:\\\/\\\/www.warmeo.com\\\/aeropool-2\\\/\",\"url\":\"https:\\\/\\\/www.warmeo.com\\\/aeropool-2\\\/\",\"name\":\"AEROPOOL - WARMEO\",\"isPartOf\":{\"@id\":\"https:\\\/\\\/www.warmeo.com\\\/#website\"},\"primaryImageOfPage\":{\"@id\":\"https:\\\/\\\/www.warmeo.com\\\/aeropool-2\\\/#primaryimage\"},\"image\":{\"@id\":\"https:\\\/\\\/www.warmeo.com\\\/aeropool-2\\\/#primaryimage\"},\"thumbnailUrl\":\"https:\\\/\\\/www.warmeo.com\\\/wp-content\\\/uploads\\\/2024\\\/06\\\/vague-produit.png\",\"datePublished\":\"2025-04-23T09:54:48+00:00\",\"dateModified\":\"2025-09-12T09:06:26+00:00\",\"description\":\"D\u00e9couvrez la pompe \u00e0 chaleur de piscine Warmeo : l'AEROPOOL. Full-Inverter et connect\u00e9e, elle sera parfaite pour \u00e9tendre la saison.\",\"breadcrumb\":{\"@id\":\"https:\\\/\\\/www.warmeo.com\\\/aeropool-2\\\/#breadcrumb\"},\"inLanguage\":\"en-GB\",\"potentialAction\":[{\"@type\":\"ReadAction\",\"target\":[\"https:\\\/\\\/www.warmeo.com\\\/aeropool-2\\\/\"]}]},{\"@type\":\"ImageObject\",\"inLanguage\":\"en-GB\",\"@id\":\"https:\\\/\\\/www.warmeo.com\\\/aeropool-2\\\/#primaryimage\",\"url\":\"https:\\\/\\\/www.warmeo.com\\\/wp-content\\\/uploads\\\/2024\\\/06\\\/vague-produit.png\",\"contentUrl\":\"https:\\\/\\\/www.warmeo.com\\\/wp-content\\\/uploads\\\/2024\\\/06\\\/vague-produit.png\"},{\"@type\":\"BreadcrumbList\",\"@id\":\"https:\\\/\\\/www.warmeo.com\\\/aeropool-2\\\/#breadcrumb\",\"itemListElement\":[{\"@type\":\"ListItem\",\"position\":1,\"name\":\"Accueil\",\"item\":\"https:\\\/\\\/www.warmeo.com\\\/\"},{\"@type\":\"ListItem\",\"position\":2,\"name\":\"AEROPOOL\"}]},{\"@type\":\"WebSite\",\"@id\":\"https:\\\/\\\/www.warmeo.com\\\/#website\",\"url\":\"https:\\\/\\\/www.warmeo.com\\\/\",\"name\":\"WARMEO pompe \u00e0 chaleur\",\"description\":\"\",\"publisher\":{\"@id\":\"https:\\\/\\\/www.warmeo.com\\\/#organization\"},\"potentialAction\":[{\"@type\":\"SearchAction\",\"target\":{\"@type\":\"EntryPoint\",\"urlTemplate\":\"https:\\\/\\\/www.warmeo.com\\\/?s={search_term_string}\"},\"query-input\":{\"@type\":\"PropertyValueSpecification\",\"valueRequired\":true,\"valueName\":\"search_term_string\"}}],\"inLanguage\":\"en-GB\"},{\"@type\":\"Organization\",\"@id\":\"https:\\\/\\\/www.warmeo.com\\\/#organization\",\"name\":\"WARMEO\",\"url\":\"https:\\\/\\\/www.warmeo.com\\\/\",\"logo\":{\"@type\":\"ImageObject\",\"inLanguage\":\"en-GB\",\"@id\":\"https:\\\/\\\/www.warmeo.com\\\/#\\\/schema\\\/logo\\\/image\\\/\",\"url\":\"https:\\\/\\\/www.warmeo.com\\\/wp-content\\\/uploads\\\/2024\\\/06\\\/ICON_LOGO-COULEUR.svg\",\"contentUrl\":\"https:\\\/\\\/www.warmeo.com\\\/wp-content\\\/uploads\\\/2024\\\/06\\\/ICON_LOGO-COULEUR.svg\",\"width\":325,\"height\":131,\"caption\":\"WARMEO\"},\"image\":{\"@id\":\"https:\\\/\\\/www.warmeo.com\\\/#\\\/schema\\\/logo\\\/image\\\/\"},\"sameAs\":[\"https:\\\/\\\/www.facebook.com\\\/people\\\/Warmeo\\\/61562053700114\\\/\",\"https:\\\/\\\/youtube.com\\\/@warmeo-h5q?si=5BCeulad6izM48B4\",\"https:\\\/\\\/g.co\\\/kgs\\\/KjXzJmh\"]}]}<\/script>\n<!-- \/ Yoast SEO plugin. -->","yoast_head_json":{"title":"AEROPOOL - WARMEO","description":"D\u00e9couvrez la pompe \u00e0 chaleur de piscine Warmeo : l'AEROPOOL. Full-Inverter et connect\u00e9e, elle sera parfaite pour \u00e9tendre la saison.","robots":{"index":"index","follow":"follow","max-snippet":"max-snippet:-1","max-image-preview":"max-image-preview:large","max-video-preview":"max-video-preview:-1"},"canonical":"https:\/\/www.warmeo.com\/en\/aeropool-2\/","og_locale":"en_GB","og_type":"article","og_title":"AEROPOOL - WARMEO","og_description":"D\u00e9couvrez la pompe \u00e0 chaleur de piscine Warmeo : l'AEROPOOL. Full-Inverter et connect\u00e9e, elle sera parfaite pour \u00e9tendre la saison.","og_url":"https:\/\/www.warmeo.com\/en\/aeropool-2\/","og_site_name":"WARMEO","article_publisher":"https:\/\/www.facebook.com\/people\/Warmeo\/61562053700114\/","article_modified_time":"2025-09-12T09:06:26+00:00","og_image":[{"url":"https:\/\/www.warmeo.com\/wp-content\/uploads\/2024\/06\/vague-produit.png","type":"","width":"","height":""}],"twitter_card":"summary_large_image","twitter_misc":{"Estimated reading time":"1 minute"},"schema":{"@context":"https:\/\/schema.org","@graph":[{"@type":"WebPage","@id":"https:\/\/www.warmeo.com\/aeropool-2\/","url":"https:\/\/www.warmeo.com\/aeropool-2\/","name":"AEROPOOL - WARMEO","isPartOf":{"@id":"https:\/\/www.warmeo.com\/#website"},"primaryImageOfPage":{"@id":"https:\/\/www.warmeo.com\/aeropool-2\/#primaryimage"},"image":{"@id":"https:\/\/www.warmeo.com\/aeropool-2\/#primaryimage"},"thumbnailUrl":"https:\/\/www.warmeo.com\/wp-content\/uploads\/2024\/06\/vague-produit.png","datePublished":"2025-04-23T09:54:48+00:00","dateModified":"2025-09-12T09:06:26+00:00","description":"D\u00e9couvrez la pompe \u00e0 chaleur de piscine Warmeo : l'AEROPOOL. Full-Inverter et connect\u00e9e, elle sera parfaite pour \u00e9tendre la saison.","breadcrumb":{"@id":"https:\/\/www.warmeo.com\/aeropool-2\/#breadcrumb"},"inLanguage":"en-GB","potentialAction":[{"@type":"ReadAction","target":["https:\/\/www.warmeo.com\/aeropool-2\/"]}]},{"@type":"ImageObject","inLanguage":"en-GB","@id":"https:\/\/www.warmeo.com\/aeropool-2\/#primaryimage","url":"https:\/\/www.warmeo.com\/wp-content\/uploads\/2024\/06\/vague-produit.png","contentUrl":"https:\/\/www.warmeo.com\/wp-content\/uploads\/2024\/06\/vague-produit.png"},{"@type":"BreadcrumbList","@id":"https:\/\/www.warmeo.com\/aeropool-2\/#breadcrumb","itemListElement":[{"@type":"ListItem","position":1,"name":"Accueil","item":"https:\/\/www.warmeo.com\/"},{"@type":"ListItem","position":2,"name":"AEROPOOL"}]},{"@type":"WebSite","@id":"https:\/\/www.warmeo.com\/#website","url":"https:\/\/www.warmeo.com\/","name":"WARMEO pompe \u00e0 chaleur","description":"","publisher":{"@id":"https:\/\/www.warmeo.com\/#organization"},"potentialAction":[{"@type":"SearchAction","target":{"@type":"EntryPoint","urlTemplate":"https:\/\/www.warmeo.com\/?s={search_term_string}"},"query-input":{"@type":"PropertyValueSpecification","valueRequired":true,"valueName":"search_term_string"}}],"inLanguage":"en-GB"},{"@type":"Organization","@id":"https:\/\/www.warmeo.com\/#organization","name":"WARMEO","url":"https:\/\/www.warmeo.com\/","logo":{"@type":"ImageObject","inLanguage":"en-GB","@id":"https:\/\/www.warmeo.com\/#\/schema\/logo\/image\/","url":"https:\/\/www.warmeo.com\/wp-content\/uploads\/2024\/06\/ICON_LOGO-COULEUR.svg","contentUrl":"https:\/\/www.warmeo.com\/wp-content\/uploads\/2024\/06\/ICON_LOGO-COULEUR.svg","width":325,"height":131,"caption":"WARMEO"},"image":{"@id":"https:\/\/www.warmeo.com\/#\/schema\/logo\/image\/"},"sameAs":["https:\/\/www.facebook.com\/people\/Warmeo\/61562053700114\/","https:\/\/youtube.com\/@warmeo-h5q?si=5BCeulad6izM48B4","https:\/\/g.co\/kgs\/KjXzJmh"]}]}},"_links":{"self":[{"href":"https:\/\/www.warmeo.com\/en\/wp-json\/wp\/v2\/pages\/5324","targetHints":{"allow":["GET"]}}],"collection":[{"href":"https:\/\/www.warmeo.com\/en\/wp-json\/wp\/v2\/pages"}],"about":[{"href":"https:\/\/www.warmeo.com\/en\/wp-json\/wp\/v2\/types\/page"}],"author":[{"embeddable":true,"href":"https:\/\/www.warmeo.com\/en\/wp-json\/wp\/v2\/users\/3"}],"replies":[{"embeddable":true,"href":"https:\/\/www.warmeo.com\/en\/wp-json\/wp\/v2\/comments?post=5324"}],"version-history":[{"count":0,"href":"https:\/\/www.warmeo.com\/en\/wp-json\/wp\/v2\/pages\/5324\/revisions"}],"wp:attachment":[{"href":"https:\/\/www.warmeo.com\/en\/wp-json\/wp\/v2\/media?parent=5324"}],"curies":[{"name":"wp","href":"https:\/\/api.w.org\/{rel}","templated":true}]}}